{"id":6969,"date":"2022-09-10T17:52:31","date_gmt":"2022-09-10T15:52:31","guid":{"rendered":"https:\/\/psi-jaciel.pl\/?page_id=6969"},"modified":"2024-01-26T19:05:30","modified_gmt":"2024-01-26T18:05:30","slug":"przekaz-swoj-1","status":"publish","type":"page","link":"https:\/\/psi-jaciel.pl\/index.php\/przekaz-swoj-1\/","title":{"rendered":"Przeka\u017c swoje 1,5%"},"content":{"rendered":"\n<div class=\"wp-block-cover alignfull\" style=\"min-height:280px;aspect-ratio:unset;\"><span aria-hidden=\"true\" class=\"wp-block-cover__background has-background-dim-0 has-background-dim\"><\/span><img loading=\"lazy\" decoding=\"async\" width=\"1920\" height=\"300\" class=\"wp-block-cover__image-background wp-image-1410\" alt=\"\" src=\"https:\/\/psi-jaciel.pl\/wp-content\/uploads\/2019\/12\/header-v11.jpg\" data-object-fit=\"cover\" srcset=\"https:\/\/psi-jaciel.pl\/wp-content\/uploads\/2019\/12\/header-v11.jpg 1920w, https:\/\/psi-jaciel.pl\/wp-content\/uploads\/2019\/12\/header-v11-300x47.jpg 300w, https:\/\/psi-jaciel.pl\/wp-content\/uploads\/2019\/12\/header-v11-1024x160.jpg 1024w, https:\/\/psi-jaciel.pl\/wp-content\/uploads\/2019\/12\/header-v11-768x120.jpg 768w, https:\/\/psi-jaciel.pl\/wp-content\/uploads\/2019\/12\/header-v11-1536x240.jpg 1536w\" sizes=\"auto, (max-width: 1920px) 100vw, 1920px\" \/><div class=\"wp-block-cover__inner-container is-layout-flow wp-block-cover-is-layout-flow\">\n<p class=\"has-text-align-left has-nv-text-dark-bg-color has-text-color has-x-large-font-size\">Przeka\u017c swoje 1,5%<\/p>\n<\/div><\/div>\n\n\n\n<div style=\"height:70px\" aria-hidden=\"true\" class=\"wp-block-spacer\"><\/div>\n\n\n\n<h2 class=\"wp-block-heading has-text-align-center\">Przeka\u017c swoje 1,5% podatku<\/h2>\n\n\n\n<p>Stowarzyszenie Psi-jaciel jest organizacj\u0105 po\u017cytku publicznego, dzi\u0119ki czemu mo\u017cecie Pa\u0144stwo przekaza\u0107 1,5% swojego podatku w\u0142a\u015bnie nam! Wielu naszych podopiecznych wymaga specjalnej opieki. Pieski, kt\u00f3re trafiaj\u0105 do naszego schroniska, cz\u0119sto maj\u0105 problemy zdrowotne \u2013 nierzadko s\u0105 to czworonogi, kt\u00f3re potrzebuj\u0105 wizyty u wyspecjalizowanych lekarzy weterynarii, bywa te\u017c, \u017ce musz\u0105 by\u0107 \u017cywione specjalistyczn\u0105 karm\u0105.<\/p>\n\n\n\n<p>1,5% podatku wspomo\u017ce nas w ratowaniu tych potrzebuj\u0105cych istot. Bez Pa\u0144stwa wsparcia nie jeste\u015bmy w stanie funkcjonowa\u0107. Naszym jedynym \u017ar\u00f3d\u0142em finansowania s\u0105 darowizny, dlatego apelujemy o wsparcie nas 1,5%&nbsp;podatku.<\/p>\n\n\n\n<p>Mamy wiele plan\u00f3w zwi\u0105zanych z polepszeniem warunk\u00f3w schroniskowych. Marzymy o wydzielonym pomieszczeniu dla szczeniak\u00f3w, remoncie separatek, gdzie na ten moment nie ma np. ogrzewania. Tylko dzi\u0119ki Pa\u0144stwa pomocy b\u0119dziemy mogli zrealizowa\u0107 nasze za\u0142o\u017cenia. W zeznaniu rocznym prosimy o zamieszczenie naszych danych:<\/p>\n\n\n\n<p><strong>KRS<\/strong>: 0000615993<\/p>\n\n\n\n<p><strong>Cel szczeg\u00f3\u0142owy<\/strong>: Stowarzyszenie Psi-jaciel<\/p>\n\n\n\n<figure class=\"wp-block-image size-large is-resized\"><img loading=\"lazy\" decoding=\"async\" width=\"1024\" height=\"577\" src=\"https:\/\/psi-jaciel.pl\/wp-content\/uploads\/2024\/01\/Minimal-Aesthetic-Business-Name-Facebook-Cover-3-1-1024x577.png\" alt=\"\" class=\"wp-image-9518\" style=\"width:1169px;height:auto\" srcset=\"https:\/\/psi-jaciel.pl\/wp-content\/uploads\/2024\/01\/Minimal-Aesthetic-Business-Name-Facebook-Cover-3-1-1024x577.png 1024w, https:\/\/psi-jaciel.pl\/wp-content\/uploads\/2024\/01\/Minimal-Aesthetic-Business-Name-Facebook-Cover-3-1-300x169.png 300w, https:\/\/psi-jaciel.pl\/wp-content\/uploads\/2024\/01\/Minimal-Aesthetic-Business-Name-Facebook-Cover-3-1-768x433.png 768w, https:\/\/psi-jaciel.pl\/wp-content\/uploads\/2024\/01\/Minimal-Aesthetic-Business-Name-Facebook-Cover-3-1-1536x865.png 1536w, https:\/\/psi-jaciel.pl\/wp-content\/uploads\/2024\/01\/Minimal-Aesthetic-Business-Name-Facebook-Cover-3-1.png 1640w\" sizes=\"auto, (max-width: 1024px) 100vw, 1024px\" \/><\/figure>\n\n\n\n<div style=\"height:40px\" aria-hidden=\"true\" class=\"wp-block-spacer\"><\/div>\n\n\n\n<p>Udost\u0119pnisz? Tak te\u017c mo\u017cesz pom\u00f3c!<\/p>\n\n\n<style>.wp-block-kadence-icon.kt-svg-icons6630_ffe0b7-41{justify-content:flex-start;}<\/style>\n<div class=\"wp-block-kadence-icon kt-svg-icons kt-svg-icons6630_ffe0b7-41 alignleft kb-icon-valign-top\"><style>.kt-svg-item-6630_c744b3-d0 .kb-svg-icon-wrap, .kt-svg-style-stacked.kt-svg-item-6630_c744b3-d0 .kb-svg-icon-wrap{color:#4159b2;font-size:40px;margin-right:10px;}<\/style>\n<div class=\"wp-block-kadence-single-icon kt-svg-style-default kt-svg-icon-wrap kt-svg-item-6630_c744b3-d0\"><span class=\"kb-svg-icon-wrap kb-svg-icon-fa_facebook-square\"><svg viewBox=\"0 0 448 512\"  fill=\"currentColor\" xmlns=\"http:\/\/www.w3.org\/2000\/svg\"  aria-hidden=\"true\"><path d=\"M400 32H48A48 48 0 0 0 0 80v352a48 48 0 0 0 48 48h137.25V327.69h-63V256h63v-54.64c0-62.15 37-96.48 93.67-96.48 27.14 0 55.52 4.84 55.52 4.84v61h-31.27c-30.81 0-40.42 19.12-40.42 38.73V256h68.78l-11 71.69h-57.78V480H400a48 48 0 0 0 48-48V80a48 48 0 0 0-48-48z\"\/><\/svg><\/span><\/div>\n\n\n<style>.kt-svg-item-6630_b01e2e-1c .kb-svg-icon-wrap, .kt-svg-style-stacked.kt-svg-item-6630_b01e2e-1c .kb-svg-icon-wrap{color:var(--nv-c-1);font-size:40px;margin-right:10px;}<\/style>\n<div class=\"wp-block-kadence-single-icon kt-svg-style-default kt-svg-icon-wrap kt-svg-item-6630_b01e2e-1c\"><span class=\"kb-svg-icon-wrap kb-svg-icon-fa_whatsapp\"><svg viewBox=\"0 0 448 512\"  fill=\"currentColor\" xmlns=\"http:\/\/www.w3.org\/2000\/svg\"  aria-hidden=\"true\"><path d=\"M380.9 97.1C339 55.1 283.2 32 223.9 32c-122.4 0-222 99.6-222 222 0 39.1 10.2 77.3 29.6 111L0 480l117.7-30.9c32.4 17.7 68.9 27 106.1 27h.1c122.3 0 224.1-99.6 224.1-222 0-59.3-25.2-115-67.1-157zm-157 341.6c-33.2 0-65.7-8.9-94-25.7l-6.7-4-69.8 18.3L72 359.2l-4.4-7c-18.5-29.4-28.2-63.3-28.2-98.2 0-101.7 82.8-184.5 184.6-184.5 49.3 0 95.6 19.2 130.4 54.1 34.8 34.9 56.2 81.2 56.1 130.5 0 101.8-84.9 184.6-186.6 184.6zm101.2-138.2c-5.5-2.8-32.8-16.2-37.9-18-5.1-1.9-8.8-2.8-12.5 2.8-3.7 5.6-14.3 18-17.6 21.8-3.2 3.7-6.5 4.2-12 1.4-32.6-16.3-54-29.1-75.5-66-5.7-9.8 5.7-9.1 16.3-30.3 1.8-3.7.9-6.9-.5-9.7-1.4-2.8-12.5-30.1-17.1-41.2-4.5-10.8-9.1-9.3-12.5-9.5-3.2-.2-6.9-.2-10.6-.2-3.7 0-9.7 1.4-14.8 6.9-5.1 5.6-19.4 19-19.4 46.3 0 27.3 19.9 53.7 22.6 57.4 2.8 3.7 39.1 59.7 94.8 83.8 35.2 15.2 49 16.5 66.6 13.9 10.7-1.6 32.8-13.4 37.4-26.4 4.6-13 4.6-24.1 3.2-26.4-1.3-2.5-5-3.9-10.5-6.6z\"\/><\/svg><\/span><\/div>\n\n\n<style>.kt-svg-item-6630_7ff833-5d .kb-svg-icon-wrap, .kt-svg-style-stacked.kt-svg-item-6630_7ff833-5d .kb-svg-icon-wrap{color:var(--nv-secondary-accent);font-size:40px;margin-right:10px;}<\/style>\n<div class=\"wp-block-kadence-single-icon kt-svg-style-default kt-svg-icon-wrap kt-svg-item-6630_7ff833-5d\"><span class=\"kb-svg-icon-wrap kb-svg-icon-fe_mail\"><svg viewBox=\"0 0 24 24\"  fill=\"none\" stroke=\"currentColor\" stroke-width=\"2\" stroke-linecap=\"round\" stroke-linejoin=\"round\" xmlns=\"http:\/\/www.w3.org\/2000\/svg\"  aria-hidden=\"true\"><path d=\"M4 4h16c1.1 0 2 .9 2 2v12c0 1.1-.9 2-2 2H4c-1.1 0-2-.9-2-2V6c0-1.1.9-2 2-2z\"\/><polyline points=\"22,6 12,13 2,6\"\/><\/svg><\/span><\/div>\n<\/div>\n","protected":false},"excerpt":{"rendered":"<p>Przeka\u017c swoje 1,5% podatku Stowarzyszenie Psi-jaciel jest organizacj\u0105 po\u017cytku publicznego, dzi\u0119ki czemu mo\u017cecie Pa\u0144stwo przekaza\u0107 1,5% swojego podatku w\u0142a\u015bnie nam! Wielu naszych podopiecznych wymaga specjalnej opieki. Pieski, kt\u00f3re trafiaj\u0105 do naszego schroniska, cz\u0119sto maj\u0105 problemy zdrowotne \u2013 nierzadko s\u0105 to czworonogi, kt\u00f3re potrzebuj\u0105 wizyty u wyspecjalizowanych lekarzy weterynarii, bywa te\u017c, \u017ce musz\u0105 by\u0107 \u017cywione specjalistyczn\u0105&hellip;&nbsp;<a href=\"https:\/\/psi-jaciel.pl\/index.php\/przekaz-swoj-1\/\" rel=\"bookmark\">Dowiedz si\u0119 wi\u0119cej &raquo;<span class=\"screen-reader-text\">Przeka\u017c swoje 1,5%<\/span><\/a><\/p>\n","protected":false},"author":1,"featured_media":0,"parent":0,"menu_order":0,"comment_status":"closed","ping_status":"closed","template":"","meta":{"_acf_changed":false,"neve_meta_sidebar":"","neve_meta_container":"","neve_meta_enable_content_width":"on","neve_meta_content_width":100,"neve_meta_title_alignment":"","neve_meta_author_avatar":"","neve_post_elements_order":"","neve_meta_disable_header":"","neve_meta_disable_footer":"","neve_meta_disable_title":"on","footnotes":""},"class_list":["post-6969","page","type-page","status-publish","hentry"],"acf":[],"_links":{"self":[{"href":"https:\/\/psi-jaciel.pl\/index.php\/wp-json\/wp\/v2\/pages\/6969","targetHints":{"allow":["GET"]}}],"collection":[{"href":"https:\/\/psi-jaciel.pl\/index.php\/wp-json\/wp\/v2\/pages"}],"about":[{"href":"https:\/\/psi-jaciel.pl\/index.php\/wp-json\/wp\/v2\/types\/page"}],"author":[{"embeddable":true,"href":"https:\/\/psi-jaciel.pl\/index.php\/wp-json\/wp\/v2\/users\/1"}],"replies":[{"embeddable":true,"href":"https:\/\/psi-jaciel.pl\/index.php\/wp-json\/wp\/v2\/comments?post=6969"}],"version-history":[{"count":5,"href":"https:\/\/psi-jaciel.pl\/index.php\/wp-json\/wp\/v2\/pages\/6969\/revisions"}],"predecessor-version":[{"id":9521,"href":"https:\/\/psi-jaciel.pl\/index.php\/wp-json\/wp\/v2\/pages\/6969\/revisions\/9521"}],"wp:attachment":[{"href":"https:\/\/psi-jaciel.pl\/index.php\/wp-json\/wp\/v2\/media?parent=6969"}],"curies":[{"name":"wp","href":"https:\/\/api.w.org\/{rel}","templated":true}]}}