{"id":6665,"date":"2022-09-10T16:35:06","date_gmt":"2022-09-10T14:35:06","guid":{"rendered":"https:\/\/psi-jaciel.pl\/?page_id=6665"},"modified":"2023-11-01T00:04:04","modified_gmt":"2023-10-31T23:04:04","slug":"zarzad-i-czlonkowie","status":"publish","type":"page","link":"https:\/\/psi-jaciel.pl\/index.php\/zarzad-i-czlonkowie\/","title":{"rendered":"Zarz\u0105d i cz\u0142onkowie"},"content":{"rendered":"\n<div class=\"wp-block-cover alignfull\" style=\"min-height:280px;aspect-ratio:unset;\"><span aria-hidden=\"true\" class=\"wp-block-cover__background has-background-dim-0 has-background-dim\"><\/span><img loading=\"lazy\" decoding=\"async\" width=\"1920\" height=\"300\" class=\"wp-block-cover__image-background wp-image-1410\" alt=\"\" src=\"https:\/\/psi-jaciel.pl\/wp-content\/uploads\/2019\/12\/header-v11.jpg\" data-object-fit=\"cover\" srcset=\"https:\/\/psi-jaciel.pl\/wp-content\/uploads\/2019\/12\/header-v11.jpg 1920w, https:\/\/psi-jaciel.pl\/wp-content\/uploads\/2019\/12\/header-v11-300x47.jpg 300w, https:\/\/psi-jaciel.pl\/wp-content\/uploads\/2019\/12\/header-v11-1024x160.jpg 1024w, https:\/\/psi-jaciel.pl\/wp-content\/uploads\/2019\/12\/header-v11-768x120.jpg 768w, https:\/\/psi-jaciel.pl\/wp-content\/uploads\/2019\/12\/header-v11-1536x240.jpg 1536w\" sizes=\"auto, (max-width: 1920px) 100vw, 1920px\" \/><div class=\"wp-block-cover__inner-container is-layout-flow wp-block-cover-is-layout-flow\">\n<p class=\"has-text-align-left has-nv-text-dark-bg-color has-text-color has-x-large-font-size\">Historia i cele<\/p>\n<\/div><\/div>\n\n\n\n<div style=\"height:70px\" aria-hidden=\"true\" class=\"wp-block-spacer\"><\/div>\n\n\n\n<h2 class=\"wp-block-heading\">Zarz\u0105d i cz\u0142onkowie<\/h2>\n\n\n\n<div style=\"height:40px\" aria-hidden=\"true\" class=\"wp-block-spacer\"><\/div>\n\n\n\n<div class=\"wp-block-columns is-layout-flex wp-container-core-columns-is-layout-9d6595d7 wp-block-columns-is-layout-flex\">\n<div class=\"wp-block-column is-layout-flow wp-block-column-is-layout-flow\">\n<h3 class=\"wp-block-heading has-neve-link-hover-color-color has-text-color\">Zarz\u0105d Stowarzyszenia<\/h3>\n\n\n\n<p><strong>Prezes Stowarzyszenia<br><\/strong>Roksana Jurkiewicz<\/p>\n\n\n\n<p><strong>Wiceprezes Stowarzyszenia<br><\/strong>Beata Nowak<\/p>\n\n\n\n<p><strong>Sekretarz i Rzecznik Prasowy Stowarzyszenia<br><\/strong>Jakub Sypniewski<\/p>\n\n\n\n<p><strong>Skarbnik Stowarzyszenia<br><\/strong>Magdalena Matysiak<\/p>\n\n\n\n<p><strong>Cz\u0142onek Zarz\u0105du Stowarzyszenia<br><\/strong>Arleta Kretkowska<\/p>\n<\/div>\n\n\n\n<div class=\"wp-block-column is-layout-flow wp-block-column-is-layout-flow\">\n<h3 class=\"wp-block-heading has-neve-link-hover-color-color has-text-color\">Komisja rewizyjna<\/h3>\n\n\n\n<ol class=\"wp-block-list\">\n<li>Julia Nowacka<\/li>\n\n\n\n<li>Sandra Go\u017adziak<\/li>\n\n\n\n<li>Katarzyna Zakrocka<\/li>\n<\/ol>\n<\/div>\n\n\n\n<div class=\"wp-block-column is-layout-flow wp-block-column-is-layout-flow\">\n<h3 class=\"wp-block-heading has-neve-link-hover-color-color has-text-color\">Cz\u0142onkowie zwyczajni<\/h3>\n\n\n\n<ol class=\"wp-block-list\">\n<li>Diana Raich<\/li>\n\n\n\n<li>Artur Raich<\/li>\n\n\n\n<li>Sandra Nowakowska<\/li>\n\n\n\n<li>Agata Zbieranek<\/li>\n\n\n\n<li>Karolina Torzewska<\/li>\n\n\n\n<li>Marek Zbieranek<\/li>\n\n\n\n<li>Bernadetta Kurek<\/li>\n\n\n\n<li>Jakub Regosz<\/li>\n\n\n\n<li>Martyna Go\u017adziak<\/li>\n\n\n\n<li>Bartosz Chwi\u0142kowski<\/li>\n\n\n\n<li>Natalia Nowacka<\/li>\n\n\n\n<li>Joanna Wydra<\/li>\n\n\n\n<li>Blanka Fret<\/li>\n\n\n\n<li>Oliwia Zawadzka<\/li>\n<\/ol>\n<\/div>\n<\/div>\n\n\n\n<div style=\"height:\" aria-hidden=\"true\" class=\"wp-block-spacer\"><\/div>\n\n\n\n<p>Udost\u0119pnisz? Tak te\u017c mo\u017cesz pom\u00f3c!<\/p>\n\n\n<style>.wp-block-kadence-icon.kt-svg-icons6630_ffe0b7-41{justify-content:flex-start;}<\/style>\n<div class=\"wp-block-kadence-icon kt-svg-icons kt-svg-icons6630_ffe0b7-41 alignleft kb-icon-valign-top\"><style>.kt-svg-item-6630_c744b3-d0 .kb-svg-icon-wrap, .kt-svg-style-stacked.kt-svg-item-6630_c744b3-d0 .kb-svg-icon-wrap{color:#4159b2;font-size:40px;margin-right:10px;}<\/style>\n<div class=\"wp-block-kadence-single-icon kt-svg-style-default kt-svg-icon-wrap kt-svg-item-6630_c744b3-d0\"><span class=\"kb-svg-icon-wrap kb-svg-icon-fa_facebook-square\"><svg viewBox=\"0 0 448 512\"  fill=\"currentColor\" xmlns=\"http:\/\/www.w3.org\/2000\/svg\"  aria-hidden=\"true\"><path d=\"M400 32H48A48 48 0 0 0 0 80v352a48 48 0 0 0 48 48h137.25V327.69h-63V256h63v-54.64c0-62.15 37-96.48 93.67-96.48 27.14 0 55.52 4.84 55.52 4.84v61h-31.27c-30.81 0-40.42 19.12-40.42 38.73V256h68.78l-11 71.69h-57.78V480H400a48 48 0 0 0 48-48V80a48 48 0 0 0-48-48z\"\/><\/svg><\/span><\/div>\n\n\n<style>.kt-svg-item-6630_b01e2e-1c .kb-svg-icon-wrap, .kt-svg-style-stacked.kt-svg-item-6630_b01e2e-1c .kb-svg-icon-wrap{color:var(--nv-c-1);font-size:40px;margin-right:10px;}<\/style>\n<div class=\"wp-block-kadence-single-icon kt-svg-style-default kt-svg-icon-wrap kt-svg-item-6630_b01e2e-1c\"><span class=\"kb-svg-icon-wrap kb-svg-icon-fa_whatsapp\"><svg viewBox=\"0 0 448 512\"  fill=\"currentColor\" xmlns=\"http:\/\/www.w3.org\/2000\/svg\"  aria-hidden=\"true\"><path d=\"M380.9 97.1C339 55.1 283.2 32 223.9 32c-122.4 0-222 99.6-222 222 0 39.1 10.2 77.3 29.6 111L0 480l117.7-30.9c32.4 17.7 68.9 27 106.1 27h.1c122.3 0 224.1-99.6 224.1-222 0-59.3-25.2-115-67.1-157zm-157 341.6c-33.2 0-65.7-8.9-94-25.7l-6.7-4-69.8 18.3L72 359.2l-4.4-7c-18.5-29.4-28.2-63.3-28.2-98.2 0-101.7 82.8-184.5 184.6-184.5 49.3 0 95.6 19.2 130.4 54.1 34.8 34.9 56.2 81.2 56.1 130.5 0 101.8-84.9 184.6-186.6 184.6zm101.2-138.2c-5.5-2.8-32.8-16.2-37.9-18-5.1-1.9-8.8-2.8-12.5 2.8-3.7 5.6-14.3 18-17.6 21.8-3.2 3.7-6.5 4.2-12 1.4-32.6-16.3-54-29.1-75.5-66-5.7-9.8 5.7-9.1 16.3-30.3 1.8-3.7.9-6.9-.5-9.7-1.4-2.8-12.5-30.1-17.1-41.2-4.5-10.8-9.1-9.3-12.5-9.5-3.2-.2-6.9-.2-10.6-.2-3.7 0-9.7 1.4-14.8 6.9-5.1 5.6-19.4 19-19.4 46.3 0 27.3 19.9 53.7 22.6 57.4 2.8 3.7 39.1 59.7 94.8 83.8 35.2 15.2 49 16.5 66.6 13.9 10.7-1.6 32.8-13.4 37.4-26.4 4.6-13 4.6-24.1 3.2-26.4-1.3-2.5-5-3.9-10.5-6.6z\"\/><\/svg><\/span><\/div>\n\n\n<style>.kt-svg-item-6630_7ff833-5d .kb-svg-icon-wrap, .kt-svg-style-stacked.kt-svg-item-6630_7ff833-5d .kb-svg-icon-wrap{color:var(--nv-secondary-accent);font-size:40px;margin-right:10px;}<\/style>\n<div class=\"wp-block-kadence-single-icon kt-svg-style-default kt-svg-icon-wrap kt-svg-item-6630_7ff833-5d\"><span class=\"kb-svg-icon-wrap kb-svg-icon-fe_mail\"><svg viewBox=\"0 0 24 24\"  fill=\"none\" stroke=\"currentColor\" stroke-width=\"2\" stroke-linecap=\"round\" stroke-linejoin=\"round\" xmlns=\"http:\/\/www.w3.org\/2000\/svg\"  aria-hidden=\"true\"><path d=\"M4 4h16c1.1 0 2 .9 2 2v12c0 1.1-.9 2-2 2H4c-1.1 0-2-.9-2-2V6c0-1.1.9-2 2-2z\"\/><polyline points=\"22,6 12,13 2,6\"\/><\/svg><\/span><\/div>\n<\/div>\n","protected":false},"excerpt":{"rendered":"<p>Zarz\u0105d i cz\u0142onkowie Zarz\u0105d Stowarzyszenia Prezes StowarzyszeniaRoksana Jurkiewicz Wiceprezes StowarzyszeniaBeata Nowak Sekretarz i Rzecznik Prasowy StowarzyszeniaJakub Sypniewski Skarbnik StowarzyszeniaMagdalena Matysiak Cz\u0142onek Zarz\u0105du StowarzyszeniaArleta Kretkowska Komisja rewizyjna Cz\u0142onkowie zwyczajni<\/p>\n","protected":false},"author":1,"featured_media":0,"parent":0,"menu_order":0,"comment_status":"closed","ping_status":"closed","template":"","meta":{"_acf_changed":false,"neve_meta_sidebar":"","neve_meta_container":"","neve_meta_enable_content_width":"on","neve_meta_content_width":100,"neve_meta_title_alignment":"","neve_meta_author_avatar":"","neve_post_elements_order":"","neve_meta_disable_header":"","neve_meta_disable_footer":"","neve_meta_disable_title":"on","footnotes":""},"class_list":["post-6665","page","type-page","status-publish","hentry"],"acf":[],"_links":{"self":[{"href":"https:\/\/psi-jaciel.pl\/index.php\/wp-json\/wp\/v2\/pages\/6665","targetHints":{"allow":["GET"]}}],"collection":[{"href":"https:\/\/psi-jaciel.pl\/index.php\/wp-json\/wp\/v2\/pages"}],"about":[{"href":"https:\/\/psi-jaciel.pl\/index.php\/wp-json\/wp\/v2\/types\/page"}],"author":[{"embeddable":true,"href":"https:\/\/psi-jaciel.pl\/index.php\/wp-json\/wp\/v2\/users\/1"}],"replies":[{"embeddable":true,"href":"https:\/\/psi-jaciel.pl\/index.php\/wp-json\/wp\/v2\/comments?post=6665"}],"version-history":[{"count":8,"href":"https:\/\/psi-jaciel.pl\/index.php\/wp-json\/wp\/v2\/pages\/6665\/revisions"}],"predecessor-version":[{"id":9448,"href":"https:\/\/psi-jaciel.pl\/index.php\/wp-json\/wp\/v2\/pages\/6665\/revisions\/9448"}],"wp:attachment":[{"href":"https:\/\/psi-jaciel.pl\/index.php\/wp-json\/wp\/v2\/media?parent=6665"}],"curies":[{"name":"wp","href":"https:\/\/api.w.org\/{rel}","templated":true}]}}