{"id":10621,"date":"2025-02-23T15:44:20","date_gmt":"2025-02-23T13:44:20","guid":{"rendered":"https:\/\/psi-jaciel.pl\/?page_id=10621"},"modified":"2025-03-24T22:38:55","modified_gmt":"2025-03-24T20:38:55","slug":"aktualnosci","status":"publish","type":"page","link":"https:\/\/psi-jaciel.pl\/index.php\/aktualnosci\/","title":{"rendered":"Aktualno\u015bci"},"content":{"rendered":"<style>.kb-row-layout-id10621_99900d-6f > .kt-row-column-wrap{align-content:start;}:where(.kb-row-layout-id10621_99900d-6f > .kt-row-column-wrap) > .wp-block-kadence-column{justify-content:start;}.kb-row-layout-id10621_99900d-6f > .kt-row-column-wrap{column-gap:var(--global-kb-gap-md, 2rem);row-gap:var(--global-kb-gap-md, 2rem);padding-top:var(--global-kb-spacing-sm, 1.5rem);padding-bottom:var(--global-kb-spacing-sm, 1.5rem);grid-template-columns:minmax(0, 1fr);}.kb-row-layout-id10621_99900d-6f > .kt-row-layout-overlay{opacity:0.30;}@media all and (max-width: 1024px){.kb-row-layout-id10621_99900d-6f > .kt-row-column-wrap{grid-template-columns:minmax(0, 1fr);}}@media all and (max-width: 767px){.kb-row-layout-id10621_99900d-6f > .kt-row-column-wrap{grid-template-columns:minmax(0, 1fr);}}<\/style><div class=\"kb-row-layout-wrap kb-row-layout-id10621_99900d-6f alignnone wp-block-kadence-rowlayout\"><div class=\"kt-row-column-wrap kt-has-1-columns kt-row-layout-equal kt-tab-layout-inherit kt-mobile-layout-row kt-row-valign-top\">\n<style>.kadence-column10621_178e9c-84 > .kt-inside-inner-col{display:flex;}.kadence-column10621_178e9c-84 > .kt-inside-inner-col{padding-top:var(--global-kb-spacing-xs, 1rem);padding-right:var(--global-kb-spacing-xxs, 0.5rem);padding-bottom:0px;padding-left:var(--global-kb-spacing-xxs, 0.5rem);}.kadence-column10621_178e9c-84 > .kt-inside-inner-col,.kadence-column10621_178e9c-84 > .kt-inside-inner-col:before{border-top-left-radius:24px;border-top-right-radius:24px;border-bottom-right-radius:24px;border-bottom-left-radius:24px;}.kadence-column10621_178e9c-84 > .kt-inside-inner-col{row-gap:var(--global-kb-gap-none, 0rem );column-gap:var(--global-kb-gap-sm, 1rem);}.kadence-column10621_178e9c-84 > .kt-inside-inner-col{flex-direction:column;align-items:center;}.kadence-column10621_178e9c-84 > .kt-inside-inner-col > .kb-image-is-ratio-size{align-self:stretch;}.kadence-column10621_178e9c-84 > .kt-inside-inner-col > .wp-block-kadence-advancedgallery{align-self:stretch;}.kadence-column10621_178e9c-84 > .kt-inside-inner-col > .aligncenter{width:100%;}.kadence-column10621_178e9c-84 > .kt-inside-inner-col{background-color:var(--nv-secondary-accent);}.kadence-column10621_178e9c-84 > .kt-inside-inner-col:before{opacity:0.3;}.kadence-column10621_178e9c-84{text-align:center;}.kadence-column10621_178e9c-84{position:relative;}@media all and (max-width: 1024px){.kadence-column10621_178e9c-84 > .kt-inside-inner-col{flex-direction:column;justify-content:center;align-items:center;}}@media all and (max-width: 767px){.kadence-column10621_178e9c-84 > .kt-inside-inner-col{flex-direction:column;justify-content:center;align-items:center;}}<\/style>\n<div class=\"wp-block-kadence-column kadence-column10621_178e9c-84\"><div class=\"kt-inside-inner-col\">\n<h3 class=\"wp-block-heading has-text-align-center has-nv-site-bg-color has-text-color has-link-color wp-elements-852a91c4de1fe7bc60eb4e8962b28b2d\">Najbli\u017csze wydarzenia<\/h3>\n\n\n\n<p class=\"has-nv-text-dark-bg-color has-text-color has-link-color wp-elements-fcf43b012a54255824d29023ca23117b\">xx.xx.2025: wi\u0119cej informacji wkr\u00f3tce&#8230;<\/p>\n\n\n\n<p class=\"has-nv-text-dark-bg-color has-text-color has-link-color wp-elements-fcf43b012a54255824d29023ca23117b\">xx.xx.2025: wi\u0119cej informacji wkr\u00f3tce&#8230;<\/p>\n<\/div><\/div>\n\n<\/div><\/div>","protected":false},"excerpt":{"rendered":"<p>Najbli\u017csze wydarzenia xx.xx.2025: wi\u0119cej informacji wkr\u00f3tce&#8230; xx.xx.2025: wi\u0119cej informacji wkr\u00f3tce&#8230;<\/p>\n","protected":false},"author":1,"featured_media":0,"parent":0,"menu_order":0,"comment_status":"closed","ping_status":"closed","template":"page-templates\/updates.php","meta":{"_acf_changed":false,"neve_meta_sidebar":"","neve_meta_container":"","neve_meta_enable_content_width":"","neve_meta_content_width":0,"neve_meta_title_alignment":"","neve_meta_author_avatar":"","neve_post_elements_order":"","neve_meta_disable_header":"","neve_meta_disable_footer":"","neve_meta_disable_title":"","footnotes":""},"class_list":["post-10621","page","type-page","status-publish","hentry"],"acf":[],"_links":{"self":[{"href":"https:\/\/psi-jaciel.pl\/index.php\/wp-json\/wp\/v2\/pages\/10621","targetHints":{"allow":["GET"]}}],"collection":[{"href":"https:\/\/psi-jaciel.pl\/index.php\/wp-json\/wp\/v2\/pages"}],"about":[{"href":"https:\/\/psi-jaciel.pl\/index.php\/wp-json\/wp\/v2\/types\/page"}],"author":[{"embeddable":true,"href":"https:\/\/psi-jaciel.pl\/index.php\/wp-json\/wp\/v2\/users\/1"}],"replies":[{"embeddable":true,"href":"https:\/\/psi-jaciel.pl\/index.php\/wp-json\/wp\/v2\/comments?post=10621"}],"version-history":[{"count":4,"href":"https:\/\/psi-jaciel.pl\/index.php\/wp-json\/wp\/v2\/pages\/10621\/revisions"}],"predecessor-version":[{"id":12367,"href":"https:\/\/psi-jaciel.pl\/index.php\/wp-json\/wp\/v2\/pages\/10621\/revisions\/12367"}],"wp:attachment":[{"href":"https:\/\/psi-jaciel.pl\/index.php\/wp-json\/wp\/v2\/media?parent=10621"}],"curies":[{"name":"wp","href":"https:\/\/api.w.org\/{rel}","templated":true}]}}