{"id":10314,"date":"2025-02-28T15:01:02","date_gmt":"2025-02-28T13:01:02","guid":{"rendered":"https:\/\/psi-jaciel.pl\/?page_id=10314"},"modified":"2026-01-21T17:52:17","modified_gmt":"2026-01-21T15:52:17","slug":"interwencje","status":"publish","type":"page","link":"https:\/\/psi-jaciel.pl\/index.php\/interwencje\/","title":{"rendered":"Interwencje"},"content":{"rendered":"<style>.kb-row-layout-id10314_06367f-2b > .kt-row-column-wrap{align-content:start;}:where(.kb-row-layout-id10314_06367f-2b > .kt-row-column-wrap) > .wp-block-kadence-column{justify-content:start;}.kb-row-layout-id10314_06367f-2b > .kt-row-column-wrap{column-gap:var(--global-kb-gap-md, 2rem);row-gap:var(--global-kb-gap-md, 2rem);padding-top:var(--global-kb-spacing-sm, 1.5rem);padding-bottom:var(--global-kb-spacing-sm, 1.5rem);grid-template-columns:minmax(0, 1fr);}.kb-row-layout-id10314_06367f-2b > .kt-row-layout-overlay{opacity:0.30;}@media all and (max-width: 1024px){.kb-row-layout-id10314_06367f-2b > .kt-row-column-wrap{grid-template-columns:minmax(0, 1fr);}}@media all and (max-width: 767px){.kb-row-layout-id10314_06367f-2b > .kt-row-column-wrap{padding-bottom:0px;grid-template-columns:minmax(0, 1fr);}}<\/style><div class=\"kb-row-layout-wrap kb-row-layout-id10314_06367f-2b alignnone wp-block-kadence-rowlayout\"><div class=\"kt-row-column-wrap kt-has-1-columns kt-row-layout-equal kt-tab-layout-inherit kt-mobile-layout-row kt-row-valign-top\">\n<style>.kadence-column10314_35a9d1-e8 > .kt-inside-inner-col,.kadence-column10314_35a9d1-e8 > .kt-inside-inner-col:before{border-top-left-radius:0px;border-top-right-radius:0px;border-bottom-right-radius:0px;border-bottom-left-radius:0px;}.kadence-column10314_35a9d1-e8 > .kt-inside-inner-col{column-gap:var(--global-kb-gap-sm, 1rem);}.kadence-column10314_35a9d1-e8 > .kt-inside-inner-col{flex-direction:column;}.kadence-column10314_35a9d1-e8 > .kt-inside-inner-col > .aligncenter{width:100%;}.kadence-column10314_35a9d1-e8 > .kt-inside-inner-col{background-image:url('https:\/\/psi-jaciel.pl\/wp-content\/uploads\/2025\/02\/bg-2.png');background-size:auto;background-position:center center;background-attachment:scroll;background-repeat:no-repeat;}.kadence-column10314_35a9d1-e8 > .kt-inside-inner-col:before{opacity:0.3;}.kadence-column10314_35a9d1-e8{position:relative;}@media all and (max-width: 1024px){.kadence-column10314_35a9d1-e8 > .kt-inside-inner-col{flex-direction:column;justify-content:center;}}@media all and (max-width: 767px){.kadence-column10314_35a9d1-e8 > .kt-inside-inner-col{flex-direction:column;justify-content:center;}}<\/style>\n<div class=\"wp-block-kadence-column kadence-column10314_35a9d1-e8\"><div class=\"kt-inside-inner-col\"><style>.kb-row-layout-id10314_e4d94e-9b > .kt-row-column-wrap{align-content:start;}:where(.kb-row-layout-id10314_e4d94e-9b > .kt-row-column-wrap) > .wp-block-kadence-column{justify-content:start;}.kb-row-layout-id10314_e4d94e-9b > .kt-row-column-wrap{column-gap:var(--global-kb-gap-md, 2rem);row-gap:var(--global-kb-gap-md, 2rem);max-width:1200px;padding-bottom:var(--global-kb-spacing-sm, 1.5rem);grid-template-columns:minmax(0, 1fr);}.kb-row-layout-id10314_e4d94e-9b > .kt-row-layout-overlay{opacity:0.30;}@media all and (max-width: 1024px){.kb-row-layout-id10314_e4d94e-9b > .kt-row-column-wrap{grid-template-columns:minmax(0, 1fr);}}@media all and (max-width: 767px){.kb-row-layout-id10314_e4d94e-9b > .kt-row-column-wrap{padding-bottom:0px;grid-template-columns:minmax(0, 1fr);}}<\/style><div class=\"kb-row-layout-wrap kb-row-layout-id10314_e4d94e-9b alignnone wp-block-kadence-rowlayout\"><div class=\"kt-row-column-wrap kt-has-1-columns kt-row-layout-equal kt-tab-layout-inherit kt-mobile-layout-row kt-row-valign-top kb-theme-content-width\">\n<style>.kadence-column10314_de9425-7c > .kt-inside-inner-col,.kadence-column10314_de9425-7c > .kt-inside-inner-col:before{border-top-left-radius:0px;border-top-right-radius:0px;border-bottom-right-radius:0px;border-bottom-left-radius:0px;}.kadence-column10314_de9425-7c > .kt-inside-inner-col{column-gap:var(--global-kb-gap-sm, 1rem);}.kadence-column10314_de9425-7c > .kt-inside-inner-col{flex-direction:column;}.kadence-column10314_de9425-7c > .kt-inside-inner-col > .aligncenter{width:100%;}.kadence-column10314_de9425-7c > .kt-inside-inner-col:before{opacity:0.3;}.kadence-column10314_de9425-7c{text-align:left;}.kadence-column10314_de9425-7c{position:relative;}.kadence-column10314_de9425-7c, .kt-inside-inner-col > .kadence-column10314_de9425-7c:not(.specificity){margin-right:var(--global-kb-spacing-xxs, 0.5rem);margin-left:var(--global-kb-spacing-xxs, 0.5rem);}@media all and (max-width: 1024px){.kadence-column10314_de9425-7c > .kt-inside-inner-col{flex-direction:column;justify-content:center;}}@media all and (max-width: 767px){.kadence-column10314_de9425-7c > .kt-inside-inner-col{flex-direction:column;justify-content:center;}}<\/style>\n<div class=\"wp-block-kadence-column kadence-column10314_de9425-7c kb-section-dir-vertical\"><div class=\"kt-inside-inner-col\"><style>.kadence-column10314_3fcf97-2d > .kt-inside-inner-col,.kadence-column10314_3fcf97-2d > .kt-inside-inner-col:before{border-top-left-radius:0px;border-top-right-radius:0px;border-bottom-right-radius:0px;border-bottom-left-radius:0px;}.kadence-column10314_3fcf97-2d > .kt-inside-inner-col{column-gap:var(--global-kb-gap-sm, 1rem);}.kadence-column10314_3fcf97-2d > .kt-inside-inner-col{flex-direction:column;}.kadence-column10314_3fcf97-2d > .kt-inside-inner-col > .aligncenter{width:100%;}.kadence-column10314_3fcf97-2d > .kt-inside-inner-col:before{opacity:0.3;}.kadence-column10314_3fcf97-2d{position:relative;}@media all and (max-width: 1024px){.kadence-column10314_3fcf97-2d > .kt-inside-inner-col{flex-direction:column;justify-content:center;}}@media all and (max-width: 767px){.kadence-column10314_3fcf97-2d > .kt-inside-inner-col{flex-direction:column;justify-content:center;}}<\/style>\n<div class=\"wp-block-kadence-column kadence-column10314_3fcf97-2d kvs-sm-false\"><div class=\"kt-inside-inner-col\"><style>.kb-image10314_abea4b-96 .kb-image-has-overlay:after{opacity:0.3;}<\/style>\n<figure class=\"wp-block-kadence-image kb-image10314_abea4b-96 size-full\"><img loading=\"lazy\" decoding=\"async\" width=\"2880\" height=\"728\" src=\"https:\/\/psi-jaciel.pl\/wp-content\/uploads\/2025\/02\/kontakt_interwencje.png\" alt=\"\" class=\"kb-img wp-image-10316\" srcset=\"https:\/\/psi-jaciel.pl\/wp-content\/uploads\/2025\/02\/kontakt_interwencje.png 2880w, https:\/\/psi-jaciel.pl\/wp-content\/uploads\/2025\/02\/kontakt_interwencje-300x76.png 300w, https:\/\/psi-jaciel.pl\/wp-content\/uploads\/2025\/02\/kontakt_interwencje-1024x259.png 1024w, https:\/\/psi-jaciel.pl\/wp-content\/uploads\/2025\/02\/kontakt_interwencje-768x194.png 768w, https:\/\/psi-jaciel.pl\/wp-content\/uploads\/2025\/02\/kontakt_interwencje-1536x388.png 1536w, https:\/\/psi-jaciel.pl\/wp-content\/uploads\/2025\/02\/kontakt_interwencje-2048x518.png 2048w\" sizes=\"auto, (max-width: 2880px) 100vw, 2880px\" \/><\/figure>\n<\/div><\/div>\n\n\n<style>.kadence-column10314_5f6e8d-21 > .kt-inside-inner-col,.kadence-column10314_5f6e8d-21 > .kt-inside-inner-col:before{border-top-left-radius:0px;border-top-right-radius:0px;border-bottom-right-radius:0px;border-bottom-left-radius:0px;}.kadence-column10314_5f6e8d-21 > .kt-inside-inner-col{column-gap:var(--global-kb-gap-sm, 1rem);}.kadence-column10314_5f6e8d-21 > .kt-inside-inner-col{flex-direction:column;}.kadence-column10314_5f6e8d-21 > .kt-inside-inner-col > .aligncenter{width:100%;}.kadence-column10314_5f6e8d-21 > .kt-inside-inner-col:before{opacity:0.3;}.kadence-column10314_5f6e8d-21{position:relative;}@media all and (max-width: 1024px){.kadence-column10314_5f6e8d-21 > .kt-inside-inner-col{flex-direction:column;justify-content:center;}}@media all and (max-width: 767px){.kadence-column10314_5f6e8d-21 > .kt-inside-inner-col{display:flex;flex-direction:column;justify-content:center;align-items:center;}.kt-row-column-wrap > .kadence-column10314_5f6e8d-21{align-self:center;}.kt-inner-column-height-full:not(.kt-has-1-columns) > .wp-block-kadence-column.kadence-column10314_5f6e8d-21{align-self:auto;}.kt-inner-column-height-full:not(.kt-has-1-columns) > .wp-block-kadence-column.kadence-column10314_5f6e8d-21 > .kt-inside-inner-col{flex-direction:column;justify-content:center;}}<\/style>\n<div class=\"wp-block-kadence-column kadence-column10314_5f6e8d-21 kvs-lg-false kvs-md-false\"><div class=\"kt-inside-inner-col\"><style>.kb-image10314_ce03fe-94 .kb-image-has-overlay:after{opacity:0.3;}<\/style>\n<figure class=\"wp-block-kadence-image kb-image10314_ce03fe-94 size-full\"><img loading=\"lazy\" decoding=\"async\" width=\"540\" height=\"537\" src=\"https:\/\/psi-jaciel.pl\/wp-content\/uploads\/2025\/02\/kontakt_interwencje_mobile.png\" alt=\"\" class=\"kb-img wp-image-10485\" srcset=\"https:\/\/psi-jaciel.pl\/wp-content\/uploads\/2025\/02\/kontakt_interwencje_mobile.png 540w, https:\/\/psi-jaciel.pl\/wp-content\/uploads\/2025\/02\/kontakt_interwencje_mobile-300x298.png 300w, https:\/\/psi-jaciel.pl\/wp-content\/uploads\/2025\/02\/kontakt_interwencje_mobile-150x150.png 150w\" sizes=\"auto, (max-width: 540px) 100vw, 540px\" \/><\/figure>\n<\/div><\/div>\n\n\n<style>.wp-block-kadence-advancedheading.kt-adv-heading10314_cfd11d-21, .wp-block-kadence-advancedheading.kt-adv-heading10314_cfd11d-21[data-kb-block=\"kb-adv-heading10314_cfd11d-21\"]{font-style:normal;}.wp-block-kadence-advancedheading.kt-adv-heading10314_cfd11d-21 mark.kt-highlight, .wp-block-kadence-advancedheading.kt-adv-heading10314_cfd11d-21[data-kb-block=\"kb-adv-heading10314_cfd11d-21\"] mark.kt-highlight{font-style:normal;color:#f76a0c;-webkit-box-decoration-break:clone;box-decoration-break:clone;padding-top:0px;padding-right:0px;padding-bottom:0px;padding-left:0px;}@media all and (max-width: 767px){.wp-block-kadence-advancedheading.kt-adv-heading10314_cfd11d-21, .wp-block-kadence-advancedheading.kt-adv-heading10314_cfd11d-21[data-kb-block=\"kb-adv-heading10314_cfd11d-21\"]{font-size:var(--global-kb-font-size-lg, 2rem);}}<\/style>\n<h1 class=\"kt-adv-heading10314_cfd11d-21 wp-block-kadence-advancedheading\" data-kb-block=\"kb-adv-heading10314_cfd11d-21\">Spotka\u0142e\u015b ranne lub potrzebuj\u0105ce zwierz\u0119?<\/h1>\n\n\n<style>.kadence-column10314_0ffd60-62 > .kt-inside-inner-col,.kadence-column10314_0ffd60-62 > .kt-inside-inner-col:before{border-top-left-radius:0px;border-top-right-radius:0px;border-bottom-right-radius:0px;border-bottom-left-radius:0px;}.kadence-column10314_0ffd60-62 > .kt-inside-inner-col{column-gap:var(--global-kb-gap-sm, 1rem);}.kadence-column10314_0ffd60-62 > .kt-inside-inner-col{flex-direction:column;}.kadence-column10314_0ffd60-62 > .kt-inside-inner-col > .aligncenter{width:100%;}.kadence-column10314_0ffd60-62 > .kt-inside-inner-col:before{opacity:0.3;}.kadence-column10314_0ffd60-62{position:relative;}@media all and (max-width: 1024px){.kadence-column10314_0ffd60-62 > .kt-inside-inner-col{flex-direction:column;justify-content:center;}}@media all and (max-width: 767px){.kadence-column10314_0ffd60-62 > .kt-inside-inner-col{flex-direction:column;justify-content:center;}}<\/style>\n<div class=\"wp-block-kadence-column kadence-column10314_0ffd60-62\"><div class=\"kt-inside-inner-col\">\n<h3 class=\"wp-block-heading\">1. Oce\u0144 sytuacj\u0119<\/h3>\n\n\n\n<p>                  <strong>Bezpiecze\u0144stwo: <\/strong>Upewnij si\u0119, \u017ce nie zagra\u017casz sobie ani zwierz\u0119ciu. Je\u015bli zwierz\u0119 jest przestraszone, agresywne lub mo\u017ce mie\u0107 choroby zaka\u017ane (np. w\u015bcieklizn\u0119), zachowaj dystans.<\/p>\n\n\n\n<p><strong>Wygl\u0105d i zachowanie zwierz\u0119cia: <\/strong>Zwr\u00f3\u0107 uwag\u0119, czy zwierz\u0119 wygl\u0105da na chore, ranne, czy mo\u017ce ma jakie\u015b oznaki stresu lub nieprawid\u0142owego zachowania.<\/p>\n<\/div><\/div>\n\n\n<style>.kadence-column10314_0dbac0-b0 > .kt-inside-inner-col,.kadence-column10314_0dbac0-b0 > .kt-inside-inner-col:before{border-top-left-radius:0px;border-top-right-radius:0px;border-bottom-right-radius:0px;border-bottom-left-radius:0px;}.kadence-column10314_0dbac0-b0 > .kt-inside-inner-col{column-gap:var(--global-kb-gap-sm, 1rem);}.kadence-column10314_0dbac0-b0 > .kt-inside-inner-col{flex-direction:column;}.kadence-column10314_0dbac0-b0 > .kt-inside-inner-col > .aligncenter{width:100%;}.kadence-column10314_0dbac0-b0 > .kt-inside-inner-col:before{opacity:0.3;}.kadence-column10314_0dbac0-b0{position:relative;}@media all and (max-width: 1024px){.kadence-column10314_0dbac0-b0 > .kt-inside-inner-col{flex-direction:column;justify-content:center;}}@media all and (max-width: 767px){.kadence-column10314_0dbac0-b0 > .kt-inside-inner-col{flex-direction:column;justify-content:center;}}<\/style>\n<div class=\"wp-block-kadence-column kadence-column10314_0dbac0-b0\"><div class=\"kt-inside-inner-col\">\n<h3 class=\"wp-block-heading\">2. Zg\u0142o\u015b sytuacj\u0119 odpowiednim s\u0142u\u017cbom<\/h3>\n\n\n\n<p class=\"color: #BF3530; has-neve-link-hover-color-color has-text-color has-link-color wp-elements-c07a5e796ad88a83d2b32bf067f3a0c1\"><strong>Schronisko dla zwierz\u0105t:<\/strong> Skontaktuj si\u0119 z nami i zg\u0142o\u015b nam potrzebuj\u0105ce zwierz\u0119 \u2013 napisz lub zadzwo\u0144: <br><strong>&#8211;<\/strong> <strong>Pracownik: 500 191 039<\/strong> (od\u0142awia psy ranne, z wypadk\u00f3w komunikacyjnych, biegaj\u0105ce samopas)<br><strong>&#8211;<\/strong> <strong>My \/ Stowarzyszenie 504 190 172<\/strong> (interwencje w sprawie zaniedba\u0144\/ zn\u0119cania\/ z\u0142ych warunk\u00f3w)<br><strong>&#8211;<\/strong> <strong>E-mail: info@psi-jaciel.pl<\/strong><\/p>\n\n\n\n<p><strong>Stra\u017c miejska lub policja:<\/strong> Je\u015bli zwierz\u0119 stanowi zagro\u017cenie dla ruchu drogowego lub publicznego bezpiecze\u0144stwa, skontaktuj si\u0119 ze stra\u017c\u0105 miejsk\u0105 lub policj\u0105, kt\u00f3ra zajmuje si\u0119 interwencjami w takich przypadkach.<\/p>\n<\/div><\/div>\n\n\n<style>.kadence-column10314_d97ee1-cb > .kt-inside-inner-col,.kadence-column10314_d97ee1-cb > .kt-inside-inner-col:before{border-top-left-radius:0px;border-top-right-radius:0px;border-bottom-right-radius:0px;border-bottom-left-radius:0px;}.kadence-column10314_d97ee1-cb > .kt-inside-inner-col{column-gap:var(--global-kb-gap-sm, 1rem);}.kadence-column10314_d97ee1-cb > .kt-inside-inner-col{flex-direction:column;}.kadence-column10314_d97ee1-cb > .kt-inside-inner-col > .aligncenter{width:100%;}.kadence-column10314_d97ee1-cb > .kt-inside-inner-col:before{opacity:0.3;}.kadence-column10314_d97ee1-cb{position:relative;}@media all and (max-width: 1024px){.kadence-column10314_d97ee1-cb > .kt-inside-inner-col{flex-direction:column;justify-content:center;}}@media all and (max-width: 767px){.kadence-column10314_d97ee1-cb > .kt-inside-inner-col{flex-direction:column;justify-content:center;}}<\/style>\n<div class=\"wp-block-kadence-column kadence-column10314_d97ee1-cb\"><div class=\"kt-inside-inner-col\">\n<h3 class=\"wp-block-heading\">3. Zabezpiecz zwierz\u0119<\/h3>\n\n\n\n<p><strong>U\u017cyj pomocy, je\u015bli to mo\u017cliwe: <\/strong>Je\u015bli zwierz\u0119 jest przyjazne i mo\u017cna do niego podej\u015b\u0107, spr\u00f3buj zbli\u017cy\u0107 si\u0119 powoli, unikaj\u0105c gwa\u0142townych ruch\u00f3w, i spr\u00f3buj przyci\u0105gn\u0105\u0107 je w bezpieczne miejsce, np. na chodnik lub w pobli\u017ce osiedla.<\/p>\n\n\n\n<p><strong>Zapewnienie ochrony: <\/strong>Je\u015bli to mo\u017cliwe, zamknij zwierz\u0119 w bezpiecznym miejscu (np. w ogrodzie lub zamkni\u0119tym pomieszczeniu), aby nie uciek\u0142o.<\/p>\n\n\n\n<p><strong>Jedzenie i woda:<\/strong> Je\u015bli zwierz\u0119 wydaje si\u0119 g\u0142odne lub spragnione, mo\u017cesz poda\u0107 mu wod\u0119 i jedzenie, ale pami\u0119taj, by nie robi\u0107 tego na si\u0142\u0119, zw\u0142aszcza je\u015bli jest bardzo przestraszone.<\/p>\n<\/div><\/div>\n\n\n<style>.kadence-column10314_14a479-57 > .kt-inside-inner-col,.kadence-column10314_14a479-57 > .kt-inside-inner-col:before{border-top-left-radius:0px;border-top-right-radius:0px;border-bottom-right-radius:0px;border-bottom-left-radius:0px;}.kadence-column10314_14a479-57 > .kt-inside-inner-col{column-gap:var(--global-kb-gap-sm, 1rem);}.kadence-column10314_14a479-57 > .kt-inside-inner-col{flex-direction:column;}.kadence-column10314_14a479-57 > .kt-inside-inner-col > .aligncenter{width:100%;}.kadence-column10314_14a479-57 > .kt-inside-inner-col:before{opacity:0.3;}.kadence-column10314_14a479-57{position:relative;}@media all and (max-width: 1024px){.kadence-column10314_14a479-57 > .kt-inside-inner-col{flex-direction:column;justify-content:center;}}@media all and (max-width: 767px){.kadence-column10314_14a479-57 > .kt-inside-inner-col{flex-direction:column;justify-content:center;}}<\/style>\n<div class=\"wp-block-kadence-column kadence-column10314_14a479-57\"><div class=\"kt-inside-inner-col\">\n<h2 class=\"wp-block-heading\">4. Sprawd\u017a, czy zwierz\u0119 jest oznakowane<\/h2>\n\n\n\n<p><strong>Chip lub obro\u017ca z danymi kontaktowymi:<\/strong> Je\u015bli zwierz\u0119 ma chip, sprawd\u017a, czy jest zarejestrowane (mo\u017cesz to zrobi\u0107 u weterynarza). Je\u015bli ma obro\u017c\u0119 z adresem lub numerem telefonu, spr\u00f3buj skontaktowa\u0107 si\u0119 z w\u0142a\u015bcicielem.<\/p>\n<\/div><\/div>\n\n\n<style>.kadence-column10314_72c71c-cf > .kt-inside-inner-col,.kadence-column10314_72c71c-cf > .kt-inside-inner-col:before{border-top-left-radius:0px;border-top-right-radius:0px;border-bottom-right-radius:0px;border-bottom-left-radius:0px;}.kadence-column10314_72c71c-cf > .kt-inside-inner-col{column-gap:var(--global-kb-gap-sm, 1rem);}.kadence-column10314_72c71c-cf > .kt-inside-inner-col{flex-direction:column;}.kadence-column10314_72c71c-cf > .kt-inside-inner-col > .aligncenter{width:100%;}.kadence-column10314_72c71c-cf > .kt-inside-inner-col:before{opacity:0.3;}.kadence-column10314_72c71c-cf{position:relative;}@media all and (max-width: 1024px){.kadence-column10314_72c71c-cf > .kt-inside-inner-col{flex-direction:column;justify-content:center;}}@media all and (max-width: 767px){.kadence-column10314_72c71c-cf > .kt-inside-inner-col{flex-direction:column;justify-content:center;}}<\/style>\n<div class=\"wp-block-kadence-column kadence-column10314_72c71c-cf\"><div class=\"kt-inside-inner-col\">\n<h2 class=\"wp-block-heading\">5. Je\u015bli zwierz\u0119 jest agresywne lub nie wsp\u00f3\u0142pracuje<\/h2>\n\n\n\n<p><strong>Nie ryzykuj zbli\u017cania si\u0119<\/strong>: Je\u015bli zwierz\u0119 wykazuje oznaki agresji lub stresu, lepiej nie pr\u00f3bowa\u0107 go dotyka\u0107. W takim przypadku natychmiast zg\u0142o\u015b sytuacj\u0119 odpowiednim s\u0142u\u017cbom, kt\u00f3re b\u0119d\u0105 w stanie interweniowa\u0107.<\/p>\n<\/div><\/div>\n\n\n<style>.kadence-column10314_7fafd4-ad > .kt-inside-inner-col,.kadence-column10314_7fafd4-ad > .kt-inside-inner-col:before{border-top-left-radius:0px;border-top-right-radius:0px;border-bottom-right-radius:0px;border-bottom-left-radius:0px;}.kadence-column10314_7fafd4-ad > .kt-inside-inner-col{column-gap:var(--global-kb-gap-sm, 1rem);}.kadence-column10314_7fafd4-ad > .kt-inside-inner-col{flex-direction:column;}.kadence-column10314_7fafd4-ad > .kt-inside-inner-col > .aligncenter{width:100%;}.kadence-column10314_7fafd4-ad > .kt-inside-inner-col:before{opacity:0.3;}.kadence-column10314_7fafd4-ad{position:relative;}@media all and (max-width: 1024px){.kadence-column10314_7fafd4-ad > .kt-inside-inner-col{flex-direction:column;justify-content:center;}}@media all and (max-width: 767px){.kadence-column10314_7fafd4-ad > .kt-inside-inner-col{flex-direction:column;justify-content:center;}}<\/style>\n<div class=\"wp-block-kadence-column kadence-column10314_7fafd4-ad\"><div class=\"kt-inside-inner-col\">\n<h2 class=\"wp-block-heading\">6. Dokumentacja i dalsze kroki<\/h2>\n\n\n\n<p><strong>Zr\u00f3b zdj\u0119cia:<\/strong> Je\u015bli to mo\u017cliwe, zr\u00f3b zdj\u0119cia zwierz\u0119cia, aby s\u0142u\u017cby mog\u0142y je zidentyfikowa\u0107, je\u015bli b\u0119dzie to konieczne.<\/p>\n\n\n\n<p><strong>\u015aledzenie sytuacji: <\/strong>Je\u015bli zg\u0142osi\u0142e\u015b spraw\u0119 s\u0142u\u017cbom, postaraj si\u0119 \u015bledzi\u0107, czy interwencja mia\u0142a miejsce, lub poinformuj je, je\u015bli zauwa\u017cysz, \u017ce zwierz\u0119 zosta\u0142o w tym samym miejscu przez d\u0142u\u017cszy czas.<\/p>\n<\/div><\/div>\n<\/div><\/div>\n\n<\/div><\/div><\/div><\/div>\n\n<\/div><\/div>\n\n<style>.kb-row-layout-id10314_0b0e8d-19 > .kt-row-column-wrap{align-content:start;}:where(.kb-row-layout-id10314_0b0e8d-19 > .kt-row-column-wrap) > .wp-block-kadence-column{justify-content:start;}.kb-row-layout-id10314_0b0e8d-19 > .kt-row-column-wrap{column-gap:var(--global-kb-gap-md, 2rem);row-gap:var(--global-kb-gap-md, 2rem);padding-top:var(--global-kb-spacing-sm, 1.5rem);padding-bottom:0px;grid-template-columns:minmax(0, 1fr);}.kb-row-layout-id10314_0b0e8d-19 > .kt-row-layout-overlay{opacity:0.30;}@media all and (max-width: 1024px){.kb-row-layout-id10314_0b0e8d-19 > .kt-row-column-wrap{grid-template-columns:minmax(0, 1fr);}}@media all and (max-width: 767px){.kb-row-layout-id10314_0b0e8d-19 > .kt-row-column-wrap{padding-top:0px;padding-bottom:0px;grid-template-columns:minmax(0, 1fr);}}<\/style><div class=\"kb-row-layout-wrap kb-row-layout-id10314_0b0e8d-19 alignnone wp-block-kadence-rowlayout\"><div class=\"kt-row-column-wrap kt-has-1-columns kt-row-layout-equal kt-tab-layout-inherit kt-mobile-layout-row kt-row-valign-top\">\n<style>.kadence-column10314_a1a4b2-e5 > .kt-inside-inner-col{min-height:611px;}.kadence-column10314_a1a4b2-e5 > .kt-inside-inner-col,.kadence-column10314_a1a4b2-e5 > .kt-inside-inner-col:before{border-top-left-radius:0px;border-top-right-radius:0px;border-bottom-right-radius:0px;border-bottom-left-radius:0px;}.kadence-column10314_a1a4b2-e5 > .kt-inside-inner-col{column-gap:var(--global-kb-gap-sm, 1rem);}.kadence-column10314_a1a4b2-e5 > .kt-inside-inner-col{flex-direction:column;}.kadence-column10314_a1a4b2-e5 > .kt-inside-inner-col > .aligncenter{width:100%;}.kadence-column10314_a1a4b2-e5 > .kt-inside-inner-col{background-image:url('https:\/\/psi-jaciel.pl\/wp-content\/uploads\/2025\/02\/Frame-458-1-1.png');background-size:cover;background-position:center center;background-attachment:scroll;background-repeat:no-repeat;}.kadence-column10314_a1a4b2-e5 > .kt-inside-inner-col:before{opacity:0.3;}.kadence-column10314_a1a4b2-e5{position:relative;}@media all and (max-width: 1024px){.kadence-column10314_a1a4b2-e5 > .kt-inside-inner-col{flex-direction:column;justify-content:center;}}@media all and (max-width: 767px){.kadence-column10314_a1a4b2-e5 > .kt-inside-inner-col{min-height:194px;flex-direction:column;justify-content:center;}}<\/style>\n<div class=\"wp-block-kadence-column kadence-column10314_a1a4b2-e5\"><div class=\"kt-inside-inner-col\"><\/div><\/div>\n\n<\/div><\/div>","protected":false},"excerpt":{"rendered":"<p>Spotka\u0142e\u015b ranne lub potrzebuj\u0105ce zwierz\u0119? 1. Oce\u0144 sytuacj\u0119 Bezpiecze\u0144stwo: Upewnij si\u0119, \u017ce nie zagra\u017casz sobie ani zwierz\u0119ciu. Je\u015bli zwierz\u0119 jest przestraszone, agresywne lub mo\u017ce mie\u0107 choroby zaka\u017ane (np. w\u015bcieklizn\u0119), zachowaj dystans. Wygl\u0105d i zachowanie zwierz\u0119cia: Zwr\u00f3\u0107 uwag\u0119, czy zwierz\u0119 wygl\u0105da na chore, ranne, czy mo\u017ce ma jakie\u015b oznaki stresu lub nieprawid\u0142owego zachowania. 2. Zg\u0142o\u015b sytuacj\u0119&hellip;&nbsp;<a href=\"https:\/\/psi-jaciel.pl\/index.php\/interwencje\/\" rel=\"bookmark\">Dowiedz si\u0119 wi\u0119cej &raquo;<span class=\"screen-reader-text\">Interwencje<\/span><\/a><\/p>\n","protected":false},"author":1,"featured_media":0,"parent":0,"menu_order":0,"comment_status":"closed","ping_status":"closed","template":"","meta":{"_acf_changed":false,"neve_meta_sidebar":"","neve_meta_container":"","neve_meta_enable_content_width":"","neve_meta_content_width":0,"neve_meta_title_alignment":"","neve_meta_author_avatar":"","neve_post_elements_order":"","neve_meta_disable_header":"","neve_meta_disable_footer":"","neve_meta_disable_title":"","footnotes":""},"class_list":["post-10314","page","type-page","status-publish","hentry"],"acf":[],"_links":{"self":[{"href":"https:\/\/psi-jaciel.pl\/index.php\/wp-json\/wp\/v2\/pages\/10314","targetHints":{"allow":["GET"]}}],"collection":[{"href":"https:\/\/psi-jaciel.pl\/index.php\/wp-json\/wp\/v2\/pages"}],"about":[{"href":"https:\/\/psi-jaciel.pl\/index.php\/wp-json\/wp\/v2\/types\/page"}],"author":[{"embeddable":true,"href":"https:\/\/psi-jaciel.pl\/index.php\/wp-json\/wp\/v2\/users\/1"}],"replies":[{"embeddable":true,"href":"https:\/\/psi-jaciel.pl\/index.php\/wp-json\/wp\/v2\/comments?post=10314"}],"version-history":[{"count":31,"href":"https:\/\/psi-jaciel.pl\/index.php\/wp-json\/wp\/v2\/pages\/10314\/revisions"}],"predecessor-version":[{"id":12694,"href":"https:\/\/psi-jaciel.pl\/index.php\/wp-json\/wp\/v2\/pages\/10314\/revisions\/12694"}],"wp:attachment":[{"href":"https:\/\/psi-jaciel.pl\/index.php\/wp-json\/wp\/v2\/media?parent=10314"}],"curies":[{"name":"wp","href":"https:\/\/api.w.org\/{rel}","templated":true}]}}