{"id":10236,"date":"2025-03-04T22:38:15","date_gmt":"2025-03-04T20:38:15","guid":{"rendered":"https:\/\/psi-jaciel.pl\/?page_id=10236"},"modified":"2025-03-12T17:03:09","modified_gmt":"2025-03-12T15:03:09","slug":"projekty-i-dzialalnosc","status":"publish","type":"page","link":"https:\/\/psi-jaciel.pl\/index.php\/projekty-i-dzialalnosc\/","title":{"rendered":"Projekty i dzia\u0142alno\u015b\u0107"},"content":{"rendered":"","protected":false},"excerpt":{"rendered":"","protected":false},"author":1,"featured_media":0,"parent":0,"menu_order":0,"comment_status":"closed","ping_status":"closed","template":"page-templates\/projekty i dzia\u0142alnosc.php","meta":{"_acf_changed":false,"neve_meta_sidebar":"","neve_meta_container":"","neve_meta_enable_content_width":"","neve_meta_content_width":0,"neve_meta_title_alignment":"","neve_meta_author_avatar":"","neve_post_elements_order":"","neve_meta_disable_header":"","neve_meta_disable_footer":"","neve_meta_disable_title":"","footnotes":""},"class_list":["post-10236","page","type-page","status-publish","hentry"],"acf":[],"_links":{"self":[{"href":"https:\/\/psi-jaciel.pl\/index.php\/wp-json\/wp\/v2\/pages\/10236","targetHints":{"allow":["GET"]}}],"collection":[{"href":"https:\/\/psi-jaciel.pl\/index.php\/wp-json\/wp\/v2\/pages"}],"about":[{"href":"https:\/\/psi-jaciel.pl\/index.php\/wp-json\/wp\/v2\/types\/page"}],"author":[{"embeddable":true,"href":"https:\/\/psi-jaciel.pl\/index.php\/wp-json\/wp\/v2\/users\/1"}],"replies":[{"embeddable":true,"href":"https:\/\/psi-jaciel.pl\/index.php\/wp-json\/wp\/v2\/comments?post=10236"}],"version-history":[{"count":4,"href":"https:\/\/psi-jaciel.pl\/index.php\/wp-json\/wp\/v2\/pages\/10236\/revisions"}],"predecessor-version":[{"id":11660,"href":"https:\/\/psi-jaciel.pl\/index.php\/wp-json\/wp\/v2\/pages\/10236\/revisions\/11660"}],"wp:attachment":[{"href":"https:\/\/psi-jaciel.pl\/index.php\/wp-json\/wp\/v2\/media?parent=10236"}],"curies":[{"name":"wp","href":"https:\/\/api.w.org\/{rel}","templated":true}]}}