{"id":10233,"date":"2025-02-28T14:50:00","date_gmt":"2025-02-28T12:50:00","guid":{"rendered":"https:\/\/psi-jaciel.pl\/?page_id=10233"},"modified":"2025-03-24T22:52:46","modified_gmt":"2025-03-24T20:52:46","slug":"dane-rejestrowe","status":"publish","type":"page","link":"https:\/\/psi-jaciel.pl\/index.php\/dane-rejestrowe\/","title":{"rendered":"Dane Rejestrowe"},"content":{"rendered":"<style>.kb-row-layout-id10233_f7a7d4-07 > .kt-row-column-wrap{align-content:start;}:where(.kb-row-layout-id10233_f7a7d4-07 > .kt-row-column-wrap) > .wp-block-kadence-column{justify-content:start;}.kb-row-layout-id10233_f7a7d4-07 > .kt-row-column-wrap{column-gap:var(--global-kb-gap-md, 2rem);row-gap:var(--global-kb-gap-md, 2rem);padding-top:var(--global-kb-spacing-sm, 1.5rem);grid-template-columns:minmax(0, 1fr);}.kb-row-layout-id10233_f7a7d4-07 > .kt-row-layout-overlay{opacity:0.30;}@media all and (max-width: 1024px){.kb-row-layout-id10233_f7a7d4-07 > .kt-row-column-wrap{grid-template-columns:minmax(0, 1fr);}}@media all and (max-width: 767px){.kb-row-layout-id10233_f7a7d4-07 > .kt-row-column-wrap{grid-template-columns:minmax(0, 1fr);}}<\/style><div class=\"kb-row-layout-wrap kb-row-layout-id10233_f7a7d4-07 alignnone wp-block-kadence-rowlayout\"><div class=\"kt-row-column-wrap kt-has-1-columns kt-row-layout-equal kt-tab-layout-inherit kt-mobile-layout-row kt-row-valign-top\">\n<style>.kadence-column10233_bbc3c6-74 > .kt-inside-inner-col,.kadence-column10233_bbc3c6-74 > .kt-inside-inner-col:before{border-top-left-radius:0px;border-top-right-radius:0px;border-bottom-right-radius:0px;border-bottom-left-radius:0px;}.kadence-column10233_bbc3c6-74 > .kt-inside-inner-col{column-gap:var(--global-kb-gap-sm, 1rem);}.kadence-column10233_bbc3c6-74 > .kt-inside-inner-col{flex-direction:column;}.kadence-column10233_bbc3c6-74 > .kt-inside-inner-col > .aligncenter{width:100%;}.kadence-column10233_bbc3c6-74 > .kt-inside-inner-col{background-image:url('https:\/\/psi-jaciel.pl\/wp-content\/uploads\/2025\/02\/Group-206.png');background-size:auto;background-position:28.000000000000004% 7.000000000000001%;background-attachment:scroll;background-repeat:no-repeat;}.kadence-column10233_bbc3c6-74 > .kt-inside-inner-col:before{opacity:0.3;}.kadence-column10233_bbc3c6-74{position:relative;}@media all and (max-width: 1024px){.kadence-column10233_bbc3c6-74 > .kt-inside-inner-col{flex-direction:column;justify-content:center;}}@media all and (max-width: 767px){.kadence-column10233_bbc3c6-74 > .kt-inside-inner-col{flex-direction:column;justify-content:center;}}<\/style>\n<div class=\"wp-block-kadence-column kadence-column10233_bbc3c6-74\"><div class=\"kt-inside-inner-col\"><style>.kb-row-layout-id10233_fff19e-b3 > .kt-row-column-wrap{align-content:start;}:where(.kb-row-layout-id10233_fff19e-b3 > .kt-row-column-wrap) > .wp-block-kadence-column{justify-content:start;}.kb-row-layout-id10233_fff19e-b3 > .kt-row-column-wrap{column-gap:var(--global-kb-gap-md, 2rem);row-gap:var(--global-kb-gap-md, 2rem);max-width:1200px;padding-top:var(--global-kb-spacing-sm, 1.5rem);padding-right:var(--global-kb-spacing-xs, 1rem);padding-bottom:0px;padding-left:var(--global-kb-spacing-xs, 1rem);grid-template-columns:minmax(0, 1fr);}.kb-row-layout-id10233_fff19e-b3 > .kt-row-layout-overlay{opacity:0.30;}@media all and (max-width: 1024px){.kb-row-layout-id10233_fff19e-b3 > .kt-row-column-wrap{grid-template-columns:minmax(0, 1fr);}}@media all and (max-width: 767px){.kb-row-layout-id10233_fff19e-b3 > .kt-row-column-wrap{grid-template-columns:minmax(0, 1fr);}}<\/style><div class=\"kb-row-layout-wrap kb-row-layout-id10233_fff19e-b3 alignnone wp-block-kadence-rowlayout\"><div class=\"kt-row-column-wrap kt-has-1-columns kt-row-layout-equal kt-tab-layout-inherit kt-mobile-layout-row kt-row-valign-top kb-theme-content-width\">\n<style>.kadence-column10233_7736a9-29, .wp-block-kadence-column.kb-section-dir-horizontal > .kt-inside-inner-col > .kadence-column10233_7736a9-29{flex-grow:96;}.kadence-column10233_7736a9-29 > .kt-inside-inner-col{height:100%;}.kadence-column10233_7736a9-29 > .kt-inside-inner-col{min-height:1019px;}.kadence-column10233_7736a9-29 > .kt-inside-inner-col,.kadence-column10233_7736a9-29 > .kt-inside-inner-col:before{border-top-left-radius:0px;border-top-right-radius:0px;border-bottom-left-radius:0px;}.kadence-column10233_7736a9-29 > .kt-inside-inner-col{column-gap:var(--global-kb-gap-sm, 1rem);}.kadence-column10233_7736a9-29 > .kt-inside-inner-col{flex-direction:column;}.kadence-column10233_7736a9-29 > .kt-inside-inner-col > .aligncenter{width:100%;}.kadence-column10233_7736a9-29 > .kt-inside-inner-col:before{opacity:0.55;}.kadence-column10233_7736a9-29{z-index:-18;position:relative;}.kadence-column10233_7736a9-29, .kt-inside-inner-col > .kadence-column10233_7736a9-29:not(.specificity){margin-right:0px;margin-bottom:0px;}@media all and (max-width: 1024px){.kt-row-column-wrap.kt-tab-layout-three-grid > .kadence-column10233_7736a9-29, .kt-row-column-wrap.kt-tab-layout-two-grid > .kadence-column10233_7736a9-29, .kt-row-column-wrap.kt-tab-layout-row > .kadence-column10233_7736a9-29{order:2;}}@media all and (max-width: 1024px){.kadence-column10233_7736a9-29 > .kt-inside-inner-col{flex-direction:column;justify-content:center;}}@media all and (max-width: 767px){.kt-row-column-wrap.kt-mobile-layout-three-grid > .kadence-column10233_7736a9-29, .kt-row-column-wrap.kt-mobile-layout-two-grid > .kadence-column10233_7736a9-29, .kt-row-column-wrap.kt-mobile-layout-row > .kadence-column10233_7736a9-29{order:2;}.kadence-column10233_7736a9-29 > .kt-inside-inner-col{flex-direction:column;justify-content:center;}}<\/style>\n<div class=\"wp-block-kadence-column kadence-column10233_7736a9-29\"><div class=\"kt-inside-inner-col\">\n<h1 class=\"wp-block-heading\">Dane Rejestrowe<\/h1>\n\n\n\n<p class=\"has-medium-font-size\"><strong>Stowarzyszenie na Rzecz Podopiecznych&nbsp;Schroniska dla Bezdomnych Zwierz\u0105t<br>we Wrze\u015bni Psi-jaciel<\/strong><\/p>\n\n\n\n<p>ul. Ko\u015bciuszki 33\/12 <br>\u202862-300 Wrze\u015bnia<\/p>\n\n\n\n<p class=\"has-medium-font-size\"><strong>Nr konta: 46 1600 1462 1845 0970 2000 0001<\/strong><\/p>\n\n\n\n<p>NIP: 789-17-59-953<br> REGON: 36435829000000<br>\u2028KRS: 0000615993<\/p>\n\n\n\n<h2 class=\"wp-block-heading\">Zarz\u0105d i cz\u0142onkowie <\/h2>\n\n\n\n<p class=\"has-neve-link-color-color has-text-color has-link-color wp-elements-80fc080642d505ed6b952f2ba769245b\"><strong>Zarz\u0105d Stowarzyszenia <\/strong><\/p>\n\n\n\n<p><strong>Prezes Stowarzyszenia <br> <\/strong>Roksana Jurkiewicz<\/p>\n\n\n\n<p><strong>Wicprezes Stowarzyszenia <br> <\/strong>Beata Nowak<\/p>\n\n\n\n<p><strong>Sekretarz i Rzecznik Prasowy Stowarzyszenia <br> <\/strong>Jakub Sypniewski<\/p>\n\n\n\n<p><strong>Skarbnik Stowarzyszenia <br><\/strong>Magdalena Matysiak <\/p>\n\n\n\n<p><strong>Cz\u0142onek Zarz\u0105du Stowarzyszenia <br><\/strong>Arleta Kretkowska <\/p>\n\n\n\n<p class=\"has-text-align-left has-neve-link-color-color has-text-color has-link-color wp-elements-ecca53ffabc3d5ca42dfbcc3cfa8242a\"><strong>Komisja Rewizyjna<\/strong><\/p>\n\n\n\n<p>1. Julia Nowacka<br>2. Sandra Go\u017adziak<br>3. Katarzyna Zakrocka<\/p>\n\n\n\n<p class=\"has-text-align-left has-neve-link-color-color has-text-color has-link-color wp-elements-7f71ea4eff7a79aa09545cc6fb773cd6\"><strong>Cz\u0142onkowie zwyczajni <\/strong><\/p>\n\n\n<style>.wp-block-kadence-advancedheading.kt-adv-heading10233_31166b-08, .wp-block-kadence-advancedheading.kt-adv-heading10233_31166b-08[data-kb-block=\"kb-adv-heading10233_31166b-08\"]{font-style:normal;}.wp-block-kadence-advancedheading.kt-adv-heading10233_31166b-08 mark.kt-highlight, .wp-block-kadence-advancedheading.kt-adv-heading10233_31166b-08[data-kb-block=\"kb-adv-heading10233_31166b-08\"] mark.kt-highlight{font-style:normal;color:#f76a0c;-webkit-box-decoration-break:clone;box-decoration-break:clone;padding-top:0px;padding-right:0px;padding-bottom:0px;padding-left:0px;}<\/style>\n<p class=\"kt-adv-heading10233_31166b-08 wp-block-kadence-advancedheading\" data-kb-block=\"kb-adv-heading10233_31166b-08\">1. Diana Raich<br>2. Artur Raich<br>3. Sandra Nowakowska<br>4. Agata Zbieranek<br>5. Karolina Torzewska<br>6. Marek Zbieranek<br>7. Bernadetta Kurek<br>8. Martyna Go\u017adziak<br>9. Bartosz Chwi\u0142kowski<br>10. Natalia Nowacka<br>11. Joanna Wydra<br>12. Iwona Bia\u0142as<br>13. Oliwia Zawadzka<\/p>\n<\/div><\/div>\n\n<\/div><\/div><\/div><\/div>\n\n<\/div><\/div>\n\n\n<p><\/p>\n","protected":false},"excerpt":{"rendered":"<p>Dane Rejestrowe Stowarzyszenie na Rzecz Podopiecznych&nbsp;Schroniska dla Bezdomnych Zwierz\u0105twe Wrze\u015bni Psi-jaciel ul. Ko\u015bciuszki 33\/12 \u202862-300 Wrze\u015bnia Nr konta: 46 1600 1462 1845 0970 2000 0001 NIP: 789-17-59-953 REGON: 36435829000000\u2028KRS: 0000615993 Zarz\u0105d i cz\u0142onkowie Zarz\u0105d Stowarzyszenia Prezes Stowarzyszenia Roksana Jurkiewicz Wicprezes Stowarzyszenia Beata Nowak Sekretarz i Rzecznik Prasowy Stowarzyszenia Jakub Sypniewski Skarbnik Stowarzyszenia Magdalena Matysiak Cz\u0142onek&hellip;&nbsp;<a href=\"https:\/\/psi-jaciel.pl\/index.php\/dane-rejestrowe\/\" rel=\"bookmark\">Dowiedz si\u0119 wi\u0119cej &raquo;<span class=\"screen-reader-text\">Dane Rejestrowe<\/span><\/a><\/p>\n","protected":false},"author":1,"featured_media":0,"parent":0,"menu_order":0,"comment_status":"closed","ping_status":"closed","template":"","meta":{"_acf_changed":false,"neve_meta_sidebar":"","neve_meta_container":"","neve_meta_enable_content_width":"","neve_meta_content_width":0,"neve_meta_title_alignment":"","neve_meta_author_avatar":"","neve_post_elements_order":"","neve_meta_disable_header":"","neve_meta_disable_footer":"","neve_meta_disable_title":"","footnotes":""},"class_list":["post-10233","page","type-page","status-publish","hentry"],"acf":[],"_links":{"self":[{"href":"https:\/\/psi-jaciel.pl\/index.php\/wp-json\/wp\/v2\/pages\/10233","targetHints":{"allow":["GET"]}}],"collection":[{"href":"https:\/\/psi-jaciel.pl\/index.php\/wp-json\/wp\/v2\/pages"}],"about":[{"href":"https:\/\/psi-jaciel.pl\/index.php\/wp-json\/wp\/v2\/types\/page"}],"author":[{"embeddable":true,"href":"https:\/\/psi-jaciel.pl\/index.php\/wp-json\/wp\/v2\/users\/1"}],"replies":[{"embeddable":true,"href":"https:\/\/psi-jaciel.pl\/index.php\/wp-json\/wp\/v2\/comments?post=10233"}],"version-history":[{"count":20,"href":"https:\/\/psi-jaciel.pl\/index.php\/wp-json\/wp\/v2\/pages\/10233\/revisions"}],"predecessor-version":[{"id":12373,"href":"https:\/\/psi-jaciel.pl\/index.php\/wp-json\/wp\/v2\/pages\/10233\/revisions\/12373"}],"wp:attachment":[{"href":"https:\/\/psi-jaciel.pl\/index.php\/wp-json\/wp\/v2\/media?parent=10233"}],"curies":[{"name":"wp","href":"https:\/\/api.w.org\/{rel}","templated":true}]}}